{"id":8,"date":"2018-08-24T03:50:19","date_gmt":"2018-08-24T03:50:19","guid":{"rendered":"https:\/\/soledad.pencidesign.net\/soledad-elegant-blog\/?page_id=8"},"modified":"2022-08-20T22:24:15","modified_gmt":"2022-08-20T20:24:15","slug":"contact","status":"publish","type":"page","link":"https:\/\/leptitcurieux.fr\/en\/contact\/","title":{"rendered":"Contact"},"content":{"rendered":"<div data-elementor-type=\"wp-page\" data-elementor-id=\"8\" class=\"elementor elementor-8\" data-elementor-post-type=\"page\">\n\t\t\t\t\t\t<section class=\"penci-section penci-disSticky penci-structure-10 elementor-section elementor-top-section elementor-element elementor-element-6de7a966 elementor-section-boxed elementor-section-height-default elementor-section-height-default\" data-id=\"6de7a966\" data-element_type=\"section\" data-e-type=\"section\">\n\t\t\t\t\t\t<div class=\"elementor-container elementor-column-gap-default\">\n\t\t\t\t\t<div class=\"penci-ercol-100 penci-ercol-order-1 penci-sticky-ct    elementor-column elementor-col-100 elementor-top-column elementor-element elementor-element-5d3ff7c3\" data-id=\"5d3ff7c3\" data-element_type=\"column\" data-e-type=\"column\">\n\t\t\t<div class=\"elementor-widget-wrap elementor-element-populated\">\n\t\t\t\t\t\t<div class=\"elementor-element elementor-element-4afb0295 elementor-widget elementor-widget-text-editor\" data-id=\"4afb0295\" data-element_type=\"widget\" data-e-type=\"widget\" data-widget_type=\"text-editor.default\">\n\t\t\t\t<div class=\"elementor-widget-container\">\n\t\t\t\t\t\t\t\t\t<p style=\"text-align: justify;\">Si vous \u00eates sur<strong> cette page<\/strong>, c&rsquo;est que vous avez <strong>besoin d&rsquo;aide<\/strong> ou de <strong>renseignement suppl\u00e9mentaires<\/strong> <img decoding=\"async\" class=\"emoji\" role=\"img\" draggable=\"false\" src=\"https:\/\/s.w.org\/images\/core\/emoji\/13.0.1\/svg\/1f60f.svg\" alt=\"\ud83d\ude0f\" title=\"\"> \u00c7a tombe bien gr\u00e2ce au <strong>formulaire ci-dessous<\/strong>, vous pourrez communiquer avec moi sur tous les sujets que vous souhaitez.<\/p><p style=\"text-align: justify;\">Une question sur un de mes articles ? Un commentaire ? Une collaboration ? Un \u00e9change sur un pays ? Posez votre <strong>question<\/strong> ou <strong>demande<\/strong> et je ferai mon maximum pour y r\u00e9pondre <strong>le plus rapidement possible<\/strong> <img decoding=\"async\" class=\"emoji\" role=\"img\" draggable=\"false\" src=\"https:\/\/s.w.org\/images\/core\/emoji\/13.0.1\/svg\/23f3.svg\" alt=\"\u23f3\" title=\"\"><\/p><p style=\"text-align: justify;\">N&rsquo;h\u00e9sitez pas \u00e0 me suivre aussi sur les r\u00e9seaux sociaux <strong>@leptitcurieux<\/strong> afin d&rsquo;\u00eatre au courant des nouveaut\u00e9s sur le site, des derniers articles, des projets futurs\u2026 Je compte sur vous <img decoding=\"async\" class=\"emoji\" role=\"img\" draggable=\"false\" src=\"https:\/\/s.w.org\/images\/core\/emoji\/13.0.1\/svg\/1f44f.svg\" alt=\"\ud83d\udc4f\" title=\"\"><\/p>\t\t\t\t\t\t\t\t<\/div>\n\t\t\t\t<\/div>\n\t\t\t\t<div class=\"elementor-element elementor-element-4128062 elementor-shape-circle elementor-grid-0 e-grid-align-center elementor-widget elementor-widget-social-icons\" data-id=\"4128062\" data-element_type=\"widget\" data-e-type=\"widget\" data-widget_type=\"social-icons.default\">\n\t\t\t\t<div class=\"elementor-widget-container\">\n\t\t\t\t\t\t\t<div class=\"elementor-social-icons-wrapper elementor-grid\" role=\"list\">\n\t\t\t\t\t\t\t<span class=\"elementor-grid-item\" role=\"listitem\">\n\t\t\t\t\t<a class=\"elementor-icon elementor-social-icon elementor-social-icon-facebook elementor-repeater-item-65d9e36\" href=\"https:\/\/www.facebook.com\/leptitcurieux.fr\/\" target=\"_blank\">\n\t\t\t\t\t\t<span class=\"elementor-screen-only\">Facebook<\/span>\n\t\t\t\t\t\t<i aria-hidden=\"true\" class=\"fab fa-facebook\"><\/i>\t\t\t\t\t<\/a>\n\t\t\t\t<\/span>\n\t\t\t\t\t\t\t<span class=\"elementor-grid-item\" role=\"listitem\">\n\t\t\t\t\t<a class=\"elementor-icon elementor-social-icon elementor-social-icon-instagram elementor-repeater-item-962d0c6\" href=\"https:\/\/www.instagram.com\/leptitcurieux.fr\/\" target=\"_blank\">\n\t\t\t\t\t\t<span class=\"elementor-screen-only\">Instagram<\/span>\n\t\t\t\t\t\t<i aria-hidden=\"true\" class=\"fab fa-instagram\"><\/i>\t\t\t\t\t<\/a>\n\t\t\t\t<\/span>\n\t\t\t\t\t\t\t<span class=\"elementor-grid-item\" role=\"listitem\">\n\t\t\t\t\t<a class=\"elementor-icon elementor-social-icon elementor-social-icon-youtube elementor-repeater-item-aa726bd\" href=\"https:\/\/www.youtube.com\/channel\/UCr2bijPbzrPpO9i3zwTLU7A\/videos\" target=\"_blank\" rel=\"noopener\">\n\t\t\t\t\t\t<span class=\"elementor-screen-only\">Youtube<\/span>\n\t\t\t\t\t\t<i aria-hidden=\"true\" class=\"fab fa-youtube\"><\/i>\t\t\t\t\t<\/a>\n\t\t\t\t<\/span>\n\t\t\t\t\t\t\t<span class=\"elementor-grid-item\" role=\"listitem\">\n\t\t\t\t\t<a class=\"elementor-icon elementor-social-icon elementor-social-icon-pinterest elementor-repeater-item-168eb4c\" href=\"https:\/\/www.pinterest.fr\/leptitcurieuxfr\/_saved\/\" target=\"_blank\" rel=\"noopener\">\n\t\t\t\t\t\t<span class=\"elementor-screen-only\">Pinterest<\/span>\n\t\t\t\t\t\t<i aria-hidden=\"true\" class=\"fab fa-pinterest\"><\/i>\t\t\t\t\t<\/a>\n\t\t\t\t<\/span>\n\t\t\t\t\t\t\t<span class=\"elementor-grid-item\" role=\"listitem\">\n\t\t\t\t\t<a class=\"elementor-icon elementor-social-icon elementor-social-icon- elementor-repeater-item-c88b787\" href=\"https:\/\/www.tiktok.com\/@leptitcurieux_off?lang=fr\" target=\"_blank\" rel=\"noopener\">\n\t\t\t\t\t\t<span class=\"elementor-screen-only\"><\/span>\n\t\t\t\t\t\t<svg xmlns=\"http:\/\/www.w3.org\/2000\/svg\" fill=\"#000000\" viewbox=\"0 0 50 50\" width=\"50px\" height=\"50px\"><path d=\"M41,4H9C6.243,4,4,6.243,4,9v32c0,2.757,2.243,5,5,5h32c2.757,0,5-2.243,5-5V9C46,6.243,43.757,4,41,4z M37.006,22.323 c-0.227,0.021-0.457,0.035-0.69,0.035c-2.623,0-4.928-1.349-6.269-3.388c0,5.349,0,11.435,0,11.537c0,4.709-3.818,8.527-8.527,8.527 s-8.527-3.818-8.527-8.527s3.818-8.527,8.527-8.527c0.178,0,0.352,0.016,0.527,0.027v4.202c-0.175-0.021-0.347-0.053-0.527-0.053 c-2.404,0-4.352,1.948-4.352,4.352s1.948,4.352,4.352,4.352s4.527-1.894,4.527-4.298c0-0.095,0.042-19.594,0.042-19.594h4.016 c0.378,3.591,3.277,6.425,6.901,6.685V22.323z\"><\/path><\/svg>\t\t\t\t\t<\/a>\n\t\t\t\t<\/span>\n\t\t\t\t\t<\/div>\n\t\t\t\t\t\t<\/div>\n\t\t\t\t<\/div>\n\t\t\t\t\t<\/div>\n\t\t<\/div>\n\t\t\t\t\t<\/div>\n\t\t<\/section>\n\t\t\t\t<section class=\"penci-section penci-disSticky penci-structure-10 elementor-section elementor-top-section elementor-element elementor-element-2f3b5c7 elementor-section-boxed elementor-section-height-default elementor-section-height-default\" data-id=\"2f3b5c7\" data-element_type=\"section\" data-e-type=\"section\">\n\t\t\t\t\t\t<div class=\"elementor-container elementor-column-gap-default\">\n\t\t\t\t\t<div class=\"penci-ercol-100 penci-ercol-order-1 penci-sticky-ct    elementor-column elementor-col-100 elementor-top-column elementor-element elementor-element-dc4cf3e\" data-id=\"dc4cf3e\" data-element_type=\"column\" data-e-type=\"column\">\n\t\t\t<div class=\"elementor-widget-wrap elementor-element-populated\">\n\t\t\t\t\t\t<div class=\"elementor-element elementor-element-f466d48 elementor-button-align-stretch elementor-widget elementor-widget-form\" data-id=\"f466d48\" data-element_type=\"widget\" data-e-type=\"widget\" data-settings=\"{&quot;step_next_label&quot;:&quot;Suivant&quot;,&quot;step_previous_label&quot;:&quot;Pr\\u00e9c\\u00e9dent&quot;,&quot;button_width&quot;:&quot;100&quot;,&quot;step_type&quot;:&quot;number_text&quot;,&quot;step_icon_shape&quot;:&quot;circle&quot;}\" data-widget_type=\"form.default\">\n\t\t\t\t<div class=\"elementor-widget-container\">\n\t\t\t\t\t\t\t<form class=\"elementor-form\" method=\"post\" name=\"Formulaire contact\" aria-label=\"Formulaire contact\" action=\"\">\n\t\t\t<input type=\"hidden\" name=\"post_id\" value=\"8\"\/>\n\t\t\t<input type=\"hidden\" name=\"form_id\" value=\"f466d48\"\/>\n\t\t\t<input type=\"hidden\" name=\"referer_title\" value=\"Contact | Leptitcurieux\" \/>\n\n\t\t\t\t\t\t\t<input type=\"hidden\" name=\"queried_id\" value=\"8\"\/>\n\t\t\t\n\t\t\t<div class=\"elementor-form-fields-wrapper elementor-labels-above\">\n\t\t\t\t\t\t\t\t<div class=\"elementor-field-type-text elementor-field-group elementor-column elementor-field-group-name elementor-col-100 elementor-field-required elementor-mark-required\">\n\t\t\t\t\t\t\t\t\t\t\t\t<label for=\"form-field-name\" class=\"elementor-field-label\">\n\t\t\t\t\t\t\t\tNom\t\t\t\t\t\t\t<\/label>\n\t\t\t\t\t\t\t\t\t\t\t\t\t\t<input size=\"1\" type=\"text\" name=\"form_fields[name]\" id=\"form-field-name\" class=\"elementor-field elementor-size-sm  elementor-field-textual\" placeholder=\"Nom\" required=\"required\">\n\t\t\t\t\t\t\t\t\t\t\t<\/div>\n\t\t\t\t\t\t\t\t<div class=\"elementor-field-type-email elementor-field-group elementor-column elementor-field-group-email elementor-col-100 elementor-field-required elementor-mark-required\">\n\t\t\t\t\t\t\t\t\t\t\t\t<label for=\"form-field-email\" class=\"elementor-field-label\">\n\t\t\t\t\t\t\t\tE-mail\t\t\t\t\t\t\t<\/label>\n\t\t\t\t\t\t\t\t\t\t\t\t\t\t<input size=\"1\" type=\"email\" name=\"form_fields[email]\" id=\"form-field-email\" class=\"elementor-field elementor-size-sm  elementor-field-textual\" placeholder=\"E-mail\" required=\"required\">\n\t\t\t\t\t\t\t\t\t\t\t<\/div>\n\t\t\t\t\t\t\t\t<div class=\"elementor-field-type-textarea elementor-field-group elementor-column elementor-field-group-message elementor-col-100 elementor-field-required elementor-mark-required\">\n\t\t\t\t\t\t\t\t\t\t\t\t<label for=\"form-field-message\" class=\"elementor-field-label\">\n\t\t\t\t\t\t\t\tMessage\t\t\t\t\t\t\t<\/label>\n\t\t\t\t\t\t<textarea class=\"elementor-field-textual elementor-field  elementor-size-sm\" name=\"form_fields[message]\" id=\"form-field-message\" rows=\"5\" placeholder=\"Message\" required=\"required\"><\/textarea>\t\t\t\t<\/div>\n\t\t\t\t\t\t\t\t<div class=\"elementor-field-group elementor-column elementor-field-type-submit elementor-col-100 e-form__buttons\">\n\t\t\t\t\t<button class=\"elementor-button elementor-size-sm\" type=\"submit\">\n\t\t\t\t\t\t<span class=\"elementor-button-content-wrapper\">\n\t\t\t\t\t\t\t\t\t\t\t\t\t\t\t\t\t\t\t\t\t\t<span class=\"elementor-button-text\">Envoyer<\/span>\n\t\t\t\t\t\t\t\t\t\t\t\t\t<\/span>\n\t\t\t\t\t<\/button>\n\t\t\t\t<\/div>\n\t\t\t<\/div>\n\t\t<input type=\"hidden\" name=\"trp-form-language\" value=\"en\"\/><\/form>\n\t\t\t\t\t\t<\/div>\n\t\t\t\t<\/div>\n\t\t\t\t\t<\/div>\n\t\t<\/div>\n\t\t\t\t\t<\/div>\n\t\t<\/section>\n\t\t\t\t<section class=\"penci-section penci-disSticky penci-structure-10 elementor-section elementor-top-section elementor-element elementor-element-6394da6 elementor-section-boxed elementor-section-height-default elementor-section-height-default\" data-id=\"6394da6\" data-element_type=\"section\" data-e-type=\"section\">\n\t\t\t\t\t\t<div class=\"elementor-container elementor-column-gap-default\">\n\t\t\t\t\t<div class=\"penci-ercol-100 penci-ercol-order-1 penci-sticky-ct    elementor-column elementor-col-100 elementor-top-column elementor-element elementor-element-444a757\" data-id=\"444a757\" data-element_type=\"column\" data-e-type=\"column\">\n\t\t\t<div class=\"elementor-widget-wrap elementor-element-populated\">\n\t\t\t\t\t\t<div class=\"elementor-element elementor-element-c6147d7 elementor-widget elementor-widget-text-editor\" data-id=\"c6147d7\" data-element_type=\"widget\" data-e-type=\"widget\" data-widget_type=\"text-editor.default\">\n\t\t\t\t<div class=\"elementor-widget-container\">\n\t\t\t\t\t\t\t\t\t<p>Vous pouvez aussi me contacter directement sur mon mail : <a href=\"mailto:contact@leptitcurieux.fr\">contact@leptitcurieux.fr<\/a>\u00a0\ud83d\udce7<\/p>\t\t\t\t\t\t\t\t<\/div>\n\t\t\t\t<\/div>\n\t\t\t\t\t<\/div>\n\t\t<\/div>\n\t\t\t\t\t<\/div>\n\t\t<\/section>\n\t\t\t\t<section class=\"penci-section penci-disSticky penci-structure-10 elementor-section elementor-top-section elementor-element elementor-element-712a2e1 elementor-section-boxed elementor-section-height-default elementor-section-height-default\" data-id=\"712a2e1\" data-element_type=\"section\" data-e-type=\"section\">\n\t\t\t\t\t\t<div class=\"elementor-container elementor-column-gap-default\">\n\t\t\t\t\t<div class=\"penci-ercol-100 penci-ercol-order-1 penci-sticky-ct    elementor-column elementor-col-100 elementor-top-column elementor-element elementor-element-a1621a0\" data-id=\"a1621a0\" data-element_type=\"column\" data-e-type=\"column\">\n\t\t\t<div class=\"elementor-widget-wrap elementor-element-populated\">\n\t\t\t\t\t\t<div class=\"elementor-element elementor-element-cfb615f elementor-widget-divider--separator-type-pattern elementor-widget-divider--view-line elementor-widget elementor-widget-divider\" data-id=\"cfb615f\" data-element_type=\"widget\" data-e-type=\"widget\" data-widget_type=\"divider.default\">\n\t\t\t\t<div class=\"elementor-widget-container\">\n\t\t\t\t\t\t\t<div class=\"elementor-divider\" style=\"--divider-pattern-url: url(&quot;data:image\/svg+xml,%3Csvg xmlns=&#039;http:\/\/www.w3.org\/2000\/svg&#039; preserveAspectRatio=&#039;none&#039; overflow=&#039;visible&#039; height=&#039;100%&#039; viewBox=&#039;0 0 20 16&#039; fill=&#039;none&#039; stroke=&#039;black&#039; stroke-width=&#039;1&#039; stroke-linecap=&#039;square&#039; stroke-miterlimit=&#039;10&#039;%3E%3Cg transform=&#039;translate(-12.000000, 0)&#039;%3E%3Cpath d=&#039;M28,0L10,18&#039;\/%3E%3Cpath d=&#039;M18,0L0,18&#039;\/%3E%3Cpath d=&#039;M48,0L30,18&#039;\/%3E%3Cpath d=&#039;M38,0L20,18&#039;\/%3E%3C\/g%3E%3C\/svg%3E&quot;);\">\n\t\t\t<span class=\"elementor-divider-separator\">\n\t\t\t\t\t\t<\/span>\n\t\t<\/div>\n\t\t\t\t\t\t<\/div>\n\t\t\t\t<\/div>\n\t\t\t\t\t<\/div>\n\t\t<\/div>\n\t\t\t\t\t<\/div>\n\t\t<\/section>\n\t\t\t\t<section class=\"penci-section penci-dmcheck penci-elbg-activate penci-disSticky penci-structure-10 elementor-section elementor-top-section elementor-element elementor-element-41549804 elementor-section-boxed elementor-section-height-default elementor-section-height-default\" data-id=\"41549804\" data-element_type=\"section\" data-e-type=\"section\" data-settings=\"{&quot;background_background&quot;:&quot;classic&quot;}\">\n\t\t\t\t\t\t<div class=\"elementor-container elementor-column-gap-no\">\n\t\t\t\t\t<div class=\"penci-ercol-100 penci-ercol-order-1 penci-sticky-ct    elementor-column elementor-col-100 elementor-top-column elementor-element elementor-element-3edfa987\" data-id=\"3edfa987\" data-element_type=\"column\" data-e-type=\"column\">\n\t\t\t<div class=\"elementor-widget-wrap elementor-element-populated\">\n\t\t\t\t\t\t<div class=\"elementor-element elementor-element-27eada3 elementor-widget elementor-widget-penci-big-grid\" data-id=\"27eada3\" data-element_type=\"widget\" data-e-type=\"widget\" data-widget_type=\"penci-big-grid.default\">\n\t\t\t\t<div class=\"elementor-widget-container\">\n\t\t\t\t\t        <div class=\"penci-clearfix penci-biggrid-wrapper penci-grid-col-3 penci-grid-mcol-1 penci-bgrid-based-custom penci-bgrid-style-1 pcbg-ficonpo-top-right pcbg-reiconpo-top-left penci-bgrid-content-on pencibg-imageh-move-top pencibg-texth-none pencibg-textani-movetop textop\">\n\t\t\t    <div class=\"penci-border-arrow penci-homepage-title penci-home-latest-posts style-4 pcalign-left pciconp-right pcicon-right block-title-icon-left\">\n        <h3 class=\"inner-arrow\">\n        <span>\n                    <span>EN D\u00c9COUVRIR PLUS<\/a>                <\/span>\n        <\/h3>\n\t\t        <\/div>\n\t\t            <div class=\"penci-clearfix penci-biggrid penci-bgstyle-1 penci-bgel\">\n                <div class=\"penci-biggrid-inner default\">\n\t\t\t\t\t<div class=\"penci-clearfix penci-biggrid-data penci-dflex\"><div class=\"penci-bgitem elementor-repeater-item-598c04f\">\n    <div class=\"penci-bgitin\">\n        <div class=\"penci-bgmain\">\n            <div class=\"pcbg-thumb\">\n                <div class=\"pcbg-thumbin\">\n                    <a class=\"pcbg-bgoverlay\" href=\"https:\/\/leptitcurieux.fr\/en\/location-voiture-mexique-eviter-les-arnaques\/\" target=\"_blank\" title=\"Location De V\u00e9hicule Au Mexique\"><\/a>\n\n                        <div  data-bgset=\"https:\/\/leptitcurieux.fr\/wp-content\/uploads\/2022\/01\/Photo-accueil.jpg\" class=\"penci-lazy penci-image-holder\">\n\t                                                <\/div>\n\n                <\/div>\n            <\/div>\n            <div class=\"pcbg-content\">\n                <div class=\"pcbg-content-flex pcbg-overlap-hover\">\n\t\t\t\t\t                        <a class=\"pcbg-cbgoverlap\" href=\"https:\/\/leptitcurieux.fr\/en\/location-voiture-mexique-eviter-les-arnaques\/\" target=\"_blank\" title=\"Location De V\u00e9hicule Au Mexique\"><\/a>\n\t\t\t\t\t                    <a class=\"pcbg-bgoverlay\" href=\"https:\/\/leptitcurieux.fr\/en\/location-voiture-mexique-eviter-les-arnaques\/\" target=\"_blank\" title=\"Location De V\u00e9hicule Au Mexique\"><\/a>\n                    <div class=\"pcbg-content-inner bgcontent-block\">\n                        <a href=\"https:\/\/leptitcurieux.fr\/en\/location-voiture-mexique-eviter-les-arnaques\/\" target=\"_blank\" title=\"Location De V\u00e9hicule Au Mexique\" class=\"pcbg-bgoverlaytext active-overlay item-hover\"><\/a>\n\n\t\t\t\t\t\t\n\t\t\t\t\t\t                            <div class=\"pcbg-heading item-hover\">\n                                <h3 class=\"pcbg-title\"><a href=\"https:\/\/leptitcurieux.fr\/en\/location-voiture-mexique-eviter-les-arnaques\/\" target=\"_blank\">Location De V\u00e9hicule Au Mexique<\/a><\/h3>\n                            <\/div>\n\t\t\t\t\t\t\n\t\t\t\t\t\t\n\t\t\t\t\t\t                            <div class=\"pcbg-readmore-sec item-hover\">\n                                <a href=\"https:\/\/leptitcurieux.fr\/en\/location-voiture-mexique-eviter-les-arnaques\/\" class=\"pcbg-readmorebtn pcreadmore-icon-right\">\n                                    <span class=\"pcrm-text\">EN SAVOIR PLUS<\/span>\n\t\t\t\t\t\t\t\t\t\t\t\t\t\t\t\t\t\t\t\t\t\t\t\t\t\t\t\t                                <\/a>\n                            <\/div>\n\t\t\t\t\t\t                    <\/div>\n                <\/div>\n            <\/div>\n        <\/div>\n    <\/div>\n<\/div>\n<div class=\"penci-bgitem elementor-repeater-item-260a352\">\n    <div class=\"penci-bgitin\">\n        <div class=\"penci-bgmain\">\n            <div class=\"pcbg-thumb\">\n                <div class=\"pcbg-thumbin\">\n                    <a class=\"pcbg-bgoverlay\" href=\"https:\/\/leptitcurieux.fr\/en\/une-magnifique-randonnee-dans-les-gorges-du-verdon-sentier-de-imbut\/\" target=\"_blank\" title=\"Le Sentier De L&#039;Imbut\"><\/a>\n\n                        <div  data-bgset=\"https:\/\/leptitcurieux.fr\/wp-content\/uploads\/2021\/04\/IMG_6222-Copie.jpg\" class=\"penci-lazy penci-image-holder\">\n\t                                                <\/div>\n\n                <\/div>\n            <\/div>\n            <div class=\"pcbg-content\">\n                <div class=\"pcbg-content-flex pcbg-overlap-hover\">\n\t\t\t\t\t                        <a class=\"pcbg-cbgoverlap\" href=\"https:\/\/leptitcurieux.fr\/en\/une-magnifique-randonnee-dans-les-gorges-du-verdon-sentier-de-imbut\/\" target=\"_blank\" title=\"Le Sentier De L&#039;Imbut\"><\/a>\n\t\t\t\t\t                    <a class=\"pcbg-bgoverlay\" href=\"https:\/\/leptitcurieux.fr\/en\/une-magnifique-randonnee-dans-les-gorges-du-verdon-sentier-de-imbut\/\" target=\"_blank\" title=\"Le Sentier De L&#039;Imbut\"><\/a>\n                    <div class=\"pcbg-content-inner bgcontent-block\">\n                        <a href=\"https:\/\/leptitcurieux.fr\/en\/une-magnifique-randonnee-dans-les-gorges-du-verdon-sentier-de-imbut\/\" target=\"_blank\" title=\"Le Sentier De L&#039;Imbut\" class=\"pcbg-bgoverlaytext active-overlay item-hover\"><\/a>\n\n\t\t\t\t\t\t\n\t\t\t\t\t\t                            <div class=\"pcbg-heading item-hover\">\n                                <h3 class=\"pcbg-title\"><a href=\"https:\/\/leptitcurieux.fr\/en\/une-magnifique-randonnee-dans-les-gorges-du-verdon-sentier-de-imbut\/\" target=\"_blank\">Le Sentier De L'Imbut<\/a><\/h3>\n                            <\/div>\n\t\t\t\t\t\t\n\t\t\t\t\t\t\n\t\t\t\t\t\t                            <div class=\"pcbg-readmore-sec item-hover\">\n                                <a href=\"https:\/\/leptitcurieux.fr\/en\/une-magnifique-randonnee-dans-les-gorges-du-verdon-sentier-de-imbut\/\" class=\"pcbg-readmorebtn pcreadmore-icon-right\">\n                                    <span class=\"pcrm-text\">EN SAVOIR PLUS<\/span>\n\t\t\t\t\t\t\t\t\t\t\t\t\t\t\t\t\t\t\t\t\t\t\t\t\t\t\t\t                                <\/a>\n                            <\/div>\n\t\t\t\t\t\t                    <\/div>\n                <\/div>\n            <\/div>\n        <\/div>\n    <\/div>\n<\/div>\n<div class=\"penci-bgitem elementor-repeater-item-587f73a\">\n    <div class=\"penci-bgitin\">\n        <div class=\"penci-bgmain\">\n            <div class=\"pcbg-thumb\">\n                <div class=\"pcbg-thumbin\">\n                    <a class=\"pcbg-bgoverlay\" href=\"https:\/\/leptitcurieux.fr\/en\/mes-conseils-pour-visiter-le-site-maya-de-chichen-itza\/\" target=\"_blank\" title=\"Visiter Chichen Itza\"><\/a>\n\n                        <div  data-bgset=\"https:\/\/leptitcurieux.fr\/wp-content\/uploads\/2022\/02\/Snapseed4-Copie.jpg\" class=\"penci-lazy penci-image-holder\">\n\t                                                <\/div>\n\n                <\/div>\n            <\/div>\n            <div class=\"pcbg-content\">\n                <div class=\"pcbg-content-flex pcbg-overlap-hover\">\n\t\t\t\t\t                        <a class=\"pcbg-cbgoverlap\" href=\"https:\/\/leptitcurieux.fr\/en\/mes-conseils-pour-visiter-le-site-maya-de-chichen-itza\/\" target=\"_blank\" title=\"Visiter Chichen Itza\"><\/a>\n\t\t\t\t\t                    <a class=\"pcbg-bgoverlay\" href=\"https:\/\/leptitcurieux.fr\/en\/mes-conseils-pour-visiter-le-site-maya-de-chichen-itza\/\" target=\"_blank\" title=\"Visiter Chichen Itza\"><\/a>\n                    <div class=\"pcbg-content-inner bgcontent-block\">\n                        <a href=\"https:\/\/leptitcurieux.fr\/en\/mes-conseils-pour-visiter-le-site-maya-de-chichen-itza\/\" target=\"_blank\" title=\"Visiter Chichen Itza\" class=\"pcbg-bgoverlaytext active-overlay item-hover\"><\/a>\n\n\t\t\t\t\t\t\n\t\t\t\t\t\t                            <div class=\"pcbg-heading item-hover\">\n                                <h3 class=\"pcbg-title\"><a href=\"https:\/\/leptitcurieux.fr\/en\/mes-conseils-pour-visiter-le-site-maya-de-chichen-itza\/\" target=\"_blank\">Visiter Chichen Itza<\/a><\/h3>\n                            <\/div>\n\t\t\t\t\t\t\n\t\t\t\t\t\t\n\t\t\t\t\t\t                            <div class=\"pcbg-readmore-sec item-hover\">\n                                <a href=\"https:\/\/leptitcurieux.fr\/en\/mes-conseils-pour-visiter-le-site-maya-de-chichen-itza\/\" class=\"pcbg-readmorebtn pcreadmore-icon-right\">\n                                    <span class=\"pcrm-text\">EN SAVOIR PLUS<\/span>\n\t\t\t\t\t\t\t\t\t\t\t\t\t\t\t\t\t\t\t\t\t\t\t\t\t\t\t\t                                <\/a>\n                            <\/div>\n\t\t\t\t\t\t                    <\/div>\n                <\/div>\n            <\/div>\n        <\/div>\n    <\/div>\n<\/div>\n<\/div>                <\/div>\n\t\t\t\t            <\/div>\n        <\/div>\n\t\t\t\t\t\t<\/div>\n\t\t\t\t<\/div>\n\t\t\t\t\t<\/div>\n\t\t<\/div>\n\t\t\t\t\t<\/div>\n\t\t<\/section>\n\t\t\t\t<\/div>","protected":false},"excerpt":{"rendered":"<p>Si vous \u00eates sur cette page, c&rsquo;est que vous avez besoin d&rsquo;aide ou de renseignement suppl\u00e9mentaires \u00c7a tombe bien gr\u00e2ce au formulaire&hellip;<\/p>","protected":false},"author":1,"featured_media":0,"parent":0,"menu_order":0,"comment_status":"closed","ping_status":"closed","template":"page-sidebar.php","meta":{"_lmt_disableupdate":"","_lmt_disable":"","footnotes":""},"class_list":["post-8","page","type-page","status-publish","hentry"],"_links":{"self":[{"href":"https:\/\/leptitcurieux.fr\/en\/wp-json\/wp\/v2\/pages\/8","targetHints":{"allow":["GET"]}}],"collection":[{"href":"https:\/\/leptitcurieux.fr\/en\/wp-json\/wp\/v2\/pages"}],"about":[{"href":"https:\/\/leptitcurieux.fr\/en\/wp-json\/wp\/v2\/types\/page"}],"author":[{"embeddable":true,"href":"https:\/\/leptitcurieux.fr\/en\/wp-json\/wp\/v2\/users\/1"}],"replies":[{"embeddable":true,"href":"https:\/\/leptitcurieux.fr\/en\/wp-json\/wp\/v2\/comments?post=8"}],"version-history":[{"count":0,"href":"https:\/\/leptitcurieux.fr\/en\/wp-json\/wp\/v2\/pages\/8\/revisions"}],"wp:attachment":[{"href":"https:\/\/leptitcurieux.fr\/en\/wp-json\/wp\/v2\/media?parent=8"}],"curies":[{"name":"wp","href":"https:\/\/api.w.org\/{rel}","templated":true}]}}