{"id":2174,"date":"2021-04-09T17:58:26","date_gmt":"2021-04-09T15:58:26","guid":{"rendered":"https:\/\/leptitcurieux.fr\/?page_id=2174"},"modified":"2021-04-09T18:04:54","modified_gmt":"2021-04-09T16:04:54","slug":"corse","status":"publish","type":"page","link":"https:\/\/leptitcurieux.fr\/en\/destinations\/europe\/france\/corse\/","title":{"rendered":"Corse"},"content":{"rendered":"<div data-elementor-type=\"wp-page\" data-elementor-id=\"2174\" class=\"elementor elementor-2174\" data-elementor-post-type=\"page\">\n\t\t\t\t\t\t<section class=\"penci-section penci-disSticky penci-structure-10 elementor-section elementor-top-section elementor-element elementor-element-740ee8a elementor-section-boxed elementor-section-height-default elementor-section-height-default\" data-id=\"740ee8a\" data-element_type=\"section\" data-e-type=\"section\">\n\t\t\t\t\t\t<div class=\"elementor-container elementor-column-gap-default\">\n\t\t\t\t\t<div class=\"penci-ercol-100 penci-ercol-order-1 penci-sticky-ct    elementor-column elementor-col-100 elementor-top-column elementor-element elementor-element-308138f\" data-id=\"308138f\" data-element_type=\"column\" data-e-type=\"column\">\n\t\t\t<div class=\"elementor-widget-wrap elementor-element-populated\">\n\t\t\t\t\t\t<div class=\"elementor-element elementor-element-29dc113 elementor-widget-divider--view-line elementor-widget-divider--separator-type-pattern elementor-widget elementor-widget-divider\" data-id=\"29dc113\" data-element_type=\"widget\" data-e-type=\"widget\" data-widget_type=\"divider.default\">\n\t\t\t\t<div class=\"elementor-widget-container\">\n\t\t\t\t\t\t\t<div class=\"elementor-divider\" style=\"--divider-pattern-url: url(&quot;data:image\/svg+xml,%3Csvg xmlns=&#039;http:\/\/www.w3.org\/2000\/svg&#039; preserveAspectRatio=&#039;none&#039; overflow=&#039;visible&#039; height=&#039;100%&#039; viewBox=&#039;0 0 20 16&#039; fill=&#039;none&#039; stroke=&#039;black&#039; stroke-width=&#039;1&#039; stroke-linecap=&#039;square&#039; stroke-miterlimit=&#039;10&#039;%3E%3Cg transform=&#039;translate(-12.000000, 0)&#039;%3E%3Cpath d=&#039;M28,0L10,18&#039;\/%3E%3Cpath d=&#039;M18,0L0,18&#039;\/%3E%3Cpath d=&#039;M48,0L30,18&#039;\/%3E%3Cpath d=&#039;M38,0L20,18&#039;\/%3E%3C\/g%3E%3C\/svg%3E&quot;);\">\n\t\t\t<span class=\"elementor-divider-separator\">\n\t\t\t\t\t\t<\/span>\n\t\t<\/div>\n\t\t\t\t\t\t<\/div>\n\t\t\t\t<\/div>\n\t\t\t\t\t<\/div>\n\t\t<\/div>\n\t\t\t\t\t<\/div>\n\t\t<\/section>\n\t\t\t\t<section class=\"penci-section penci-disSticky penci-structure-10 elementor-section elementor-top-section elementor-element elementor-element-10ee7e5 elementor-section-boxed elementor-section-height-default elementor-section-height-default\" data-id=\"10ee7e5\" data-element_type=\"section\" data-e-type=\"section\">\n\t\t\t\t\t\t<div class=\"elementor-container elementor-column-gap-default\">\n\t\t\t\t\t<div class=\"penci-ercol-100 penci-ercol-order-1 penci-sticky-ct    elementor-column elementor-col-100 elementor-top-column elementor-element elementor-element-d450199\" data-id=\"d450199\" data-element_type=\"column\" data-e-type=\"column\">\n\t\t\t<div class=\"elementor-widget-wrap elementor-element-populated\">\n\t\t\t\t\t\t<div class=\"elementor-element elementor-element-7485baa elementor-widget elementor-widget-text-editor\" data-id=\"7485baa\" data-element_type=\"widget\" data-e-type=\"widget\" data-widget_type=\"text-editor.default\">\n\t\t\t\t<div class=\"elementor-widget-container\">\n\t\t\t\t\t\t\t\t\t<p style=\"text-align: justify;\"><span id=\"p142\" style=\"color: #64676e; font-family: Segoe-UI; font-size: 17px;\">Nous sommes partis en <strong>Corse<\/strong> durant l&rsquo;\u00e9t\u00e9 2020 o\u00f9 nous avons vraiment appr\u00e9ci\u00e9 cette <strong>\u00eele paradisiaque<\/strong> qui offre des <strong>paysages vari\u00e9s<\/strong> <strong>!<\/strong><\/span><span id=\"p137\" style=\"color: #64676e; font-family: Segoe-UI; font-size: 17px;\"> \ud83d\udcf8 Nous avons eu beaucoup de chance d&rsquo;y aller au vu des \u00e9v\u00e9nements sanitaires.<\/span><span id=\"p138\" style=\"color: #64676e; font-family: Segoe-UI; font-size: 17px;\"> D\u00e9couvrez mes articles qui je l&rsquo;esp\u00e8re vous permettront de <strong>pr\u00e9parer votre voyage<\/strong> ou de vous <strong>\u00e9vader quelques instants.<\/strong><\/span><\/p>\t\t\t\t\t\t\t\t<\/div>\n\t\t\t\t<\/div>\n\t\t\t\t\t<\/div>\n\t\t<\/div>\n\t\t\t\t\t<\/div>\n\t\t<\/section>\n\t\t\t\t<section class=\"penci-section penci-disSticky penci-structure-10 elementor-section elementor-top-section elementor-element elementor-element-3bbadd2 elementor-section-boxed elementor-section-height-default elementor-section-height-default\" data-id=\"3bbadd2\" data-element_type=\"section\" data-e-type=\"section\">\n\t\t\t\t\t\t<div class=\"elementor-container elementor-column-gap-default\">\n\t\t\t\t\t<div class=\"penci-ercol-100 penci-ercol-order-1 penci-sticky-ct    elementor-column elementor-col-100 elementor-top-column elementor-element elementor-element-8888a30\" data-id=\"8888a30\" data-element_type=\"column\" data-e-type=\"column\">\n\t\t\t<div class=\"elementor-widget-wrap elementor-element-populated\">\n\t\t\t\t\t\t<div class=\"elementor-element elementor-element-62885c8 elementor-posts--align-center elementor-grid-3 elementor-grid-tablet-2 elementor-grid-mobile-1 elementor-posts--thumbnail-top elementor-invisible elementor-widget elementor-widget-posts\" data-id=\"62885c8\" data-element_type=\"widget\" data-e-type=\"widget\" data-settings=\"{&quot;classic_masonry&quot;:&quot;yes&quot;,&quot;classic_row_gap&quot;:{&quot;unit&quot;:&quot;px&quot;,&quot;size&quot;:25,&quot;sizes&quot;:[]},&quot;pagination_type&quot;:&quot;numbers&quot;,&quot;_animation&quot;:&quot;slideInUp&quot;,&quot;classic_columns&quot;:&quot;3&quot;,&quot;classic_columns_tablet&quot;:&quot;2&quot;,&quot;classic_columns_mobile&quot;:&quot;1&quot;,&quot;classic_row_gap_tablet&quot;:{&quot;unit&quot;:&quot;px&quot;,&quot;size&quot;:&quot;&quot;,&quot;sizes&quot;:[]},&quot;classic_row_gap_mobile&quot;:{&quot;unit&quot;:&quot;px&quot;,&quot;size&quot;:&quot;&quot;,&quot;sizes&quot;:[]}}\" data-widget_type=\"posts.classic\">\n\t\t\t\t<div class=\"elementor-widget-container\">\n\t\t\t\t\t\t\t<div class=\"elementor-posts-container elementor-posts elementor-posts--skin-classic elementor-grid\" role=\"list\">\n\t\t\t\t<article class=\"elementor-post elementor-grid-item post-2063 post type-post status-publish format-standard has-post-thumbnail hentry category-non-classe category-corse category-destinations category-europe category-france tag-ajaccio tag-aller-en-corse tag-corsica tag-corsica-ferries tag-famille tag-partir-en-corse\" role=\"listitem\">\n\t\t\t\t<a class=\"elementor-post__thumbnail__link\" href=\"https:\/\/leptitcurieux.fr\/en\/2-notre-arrivee-en-corse-a-ajaccio\/\" tabindex=\"-1\" >\n\t\t\t<div class=\"elementor-post__thumbnail\"><img decoding=\"async\" width=\"750\" height=\"501\" src=\"https:\/\/leptitcurieux.fr\/wp-content\/uploads\/2021\/04\/P1020519-min-Copie.jpg\" class=\"attachment-large size-large wp-image-2069\" alt=\"Corse Bastien &amp; Valentin leptitcurieux\" title=\"\" srcset=\"https:\/\/leptitcurieux.fr\/wp-content\/uploads\/2021\/04\/P1020519-min-Copie.jpg 750w, https:\/\/leptitcurieux.fr\/wp-content\/uploads\/2021\/04\/P1020519-min-Copie-300x200.jpg 300w, https:\/\/leptitcurieux.fr\/wp-content\/uploads\/2021\/04\/P1020519-min-Copie-585x391.jpg 585w, https:\/\/leptitcurieux.fr\/wp-content\/uploads\/2021\/04\/P1020519-min-Copie-263x175.jpg 263w\" sizes=\"(max-width: 750px) 100vw, 750px\" \/><\/div>\n\t\t<\/a>\n\t\t\t\t<div class=\"elementor-post__text\">\n\t\t\t\t<h3 class=\"elementor-post__title\">\n\t\t\t<a href=\"https:\/\/leptitcurieux.fr\/en\/2-notre-arrivee-en-corse-a-ajaccio\/\" >\n\t\t\t\t#2 Notre arriv\u00e9e en corse \u00e0 Ajaccio\t\t\t<\/a>\n\t\t<\/h3>\n\t\t\t\t<div class=\"elementor-post__meta-data\">\n\t\t\t\t\t<span class=\"elementor-post-date\">\n\t\t\t30 April 2021\t\t<\/span>\n\t\t\t\t<\/div>\n\t\t\t\t<div class=\"elementor-post__excerpt\">\n\t\t\t<p>C\u2019est le grand jour, nous r\u00eavons d\u2019une seule chose, rejoindre l\u2019\u00cele de beaut\u00e9. Nous sommes partis pendant l\u2019\u00e9t\u00e9 2020 d\u00e9couvrir la Corse !<\/p>\n\t\t<\/div>\n\t\t\n\t\t<a class=\"elementor-post__read-more\" href=\"https:\/\/leptitcurieux.fr\/en\/2-notre-arrivee-en-corse-a-ajaccio\/\" aria-label=\"Read more about #2 Notre arriv\u00e9e en corse \u00e0 Ajaccio\" tabindex=\"-1\" >\n\t\t\tLIRE LA SUITE \u00bb\t\t<\/a>\n\n\t\t\t\t<\/div>\n\t\t\t\t<\/article>\n\t\t\t\t<article class=\"elementor-post elementor-grid-item post-1995 post type-post status-publish format-standard has-post-thumbnail hentry category-europe category-conseils-utiles category-corse category-destinations category-france tag-avion tag-comment-aller-en-corse tag-corsica tag-covid19 tag-famille tag-ferry tag-preparatifs\" role=\"listitem\">\n\t\t\t\t<a class=\"elementor-post__thumbnail__link\" href=\"https:\/\/leptitcurieux.fr\/en\/1-comment-aller-en-corse-avion-ou-ferry\/\" tabindex=\"-1\" >\n\t\t\t<div class=\"elementor-post__thumbnail\"><img decoding=\"async\" width=\"751\" height=\"500\" src=\"https:\/\/leptitcurieux.fr\/wp-content\/uploads\/2021\/04\/corsica-224716_1920-Copie-Copie.jpg\" class=\"attachment-large size-large wp-image-2059\" alt=\"Corse leptitcurieux\" title=\"\" srcset=\"https:\/\/leptitcurieux.fr\/wp-content\/uploads\/2021\/04\/corsica-224716_1920-Copie-Copie.jpg 751w, https:\/\/leptitcurieux.fr\/wp-content\/uploads\/2021\/04\/corsica-224716_1920-Copie-Copie-300x200.jpg 300w, https:\/\/leptitcurieux.fr\/wp-content\/uploads\/2021\/04\/corsica-224716_1920-Copie-Copie-585x389.jpg 585w, https:\/\/leptitcurieux.fr\/wp-content\/uploads\/2021\/04\/corsica-224716_1920-Copie-Copie-263x175.jpg 263w\" sizes=\"(max-width: 751px) 100vw, 751px\" \/><\/div>\n\t\t<\/a>\n\t\t\t\t<div class=\"elementor-post__text\">\n\t\t\t\t<h3 class=\"elementor-post__title\">\n\t\t\t<a href=\"https:\/\/leptitcurieux.fr\/en\/1-comment-aller-en-corse-avion-ou-ferry\/\" >\n\t\t\t\t#1 Comment aller en Corse ? Avion ou ferry ?\t\t\t<\/a>\n\t\t<\/h3>\n\t\t\t\t<div class=\"elementor-post__meta-data\">\n\t\t\t\t\t<span class=\"elementor-post-date\">\n\t\t\t23 April 2021\t\t<\/span>\n\t\t\t\t<\/div>\n\t\t\t\t<div class=\"elementor-post__excerpt\">\n\t\t\t<p>Vous r\u00eavez de partir en corse mais vous ne savez pas encore quel transport prendre pour y aller ? Les avantages et inconv\u00e9nients<\/p>\n\t\t<\/div>\n\t\t\n\t\t<a class=\"elementor-post__read-more\" href=\"https:\/\/leptitcurieux.fr\/en\/1-comment-aller-en-corse-avion-ou-ferry\/\" aria-label=\"Read more about #1 Comment aller en Corse ? Avion ou ferry ?\" tabindex=\"-1\" >\n\t\t\tLIRE LA SUITE \u00bb\t\t<\/a>\n\n\t\t\t\t<\/div>\n\t\t\t\t<\/article>\n\t\t\t\t<\/div>\n\t\t\n\t\t\t\t\t\t<\/div>\n\t\t\t\t<\/div>\n\t\t\t\t\t<\/div>\n\t\t<\/div>\n\t\t\t\t\t<\/div>\n\t\t<\/section>\n\t\t\t\t<section class=\"penci-section penci-disSticky penci-structure-10 elementor-section elementor-top-section elementor-element elementor-element-fd35e6c elementor-section-boxed elementor-section-height-default elementor-section-height-default\" data-id=\"fd35e6c\" data-element_type=\"section\" data-e-type=\"section\">\n\t\t\t\t\t\t<div class=\"elementor-container elementor-column-gap-default\">\n\t\t\t\t\t<div class=\"penci-ercol-100 penci-ercol-order-1 penci-sticky-ct    elementor-column elementor-col-100 elementor-top-column elementor-element elementor-element-490a71e\" data-id=\"490a71e\" data-element_type=\"column\" data-e-type=\"column\">\n\t\t\t<div class=\"elementor-widget-wrap elementor-element-populated\">\n\t\t\t\t\t\t<div class=\"elementor-element elementor-element-dd5bf0b elementor-widget-divider--view-line elementor-widget-divider--separator-type-pattern elementor-widget elementor-widget-divider\" data-id=\"dd5bf0b\" data-element_type=\"widget\" data-e-type=\"widget\" data-widget_type=\"divider.default\">\n\t\t\t\t<div class=\"elementor-widget-container\">\n\t\t\t\t\t\t\t<div class=\"elementor-divider\" style=\"--divider-pattern-url: url(&quot;data:image\/svg+xml,%3Csvg xmlns=&#039;http:\/\/www.w3.org\/2000\/svg&#039; preserveAspectRatio=&#039;none&#039; overflow=&#039;visible&#039; height=&#039;100%&#039; viewBox=&#039;0 0 20 16&#039; fill=&#039;none&#039; stroke=&#039;black&#039; stroke-width=&#039;1&#039; stroke-linecap=&#039;square&#039; stroke-miterlimit=&#039;10&#039;%3E%3Cg transform=&#039;translate(-12.000000, 0)&#039;%3E%3Cpath d=&#039;M28,0L10,18&#039;\/%3E%3Cpath d=&#039;M18,0L0,18&#039;\/%3E%3Cpath d=&#039;M48,0L30,18&#039;\/%3E%3Cpath d=&#039;M38,0L20,18&#039;\/%3E%3C\/g%3E%3C\/svg%3E&quot;);\">\n\t\t\t<span class=\"elementor-divider-separator\">\n\t\t\t\t\t\t<\/span>\n\t\t<\/div>\n\t\t\t\t\t\t<\/div>\n\t\t\t\t<\/div>\n\t\t\t\t\t<\/div>\n\t\t<\/div>\n\t\t\t\t\t<\/div>\n\t\t<\/section>\n\t\t\t\t<\/div>\n\t\t\n\n<div class=\"kk-star-ratings kksr-auto kksr-align-center kksr-valign-bottom\"\n    data-payload='{&quot;align&quot;:&quot;center&quot;,&quot;id&quot;:&quot;1995&quot;,&quot;slug&quot;:&quot;default&quot;,&quot;valign&quot;:&quot;bottom&quot;,&quot;ignore&quot;:&quot;&quot;,&quot;reference&quot;:&quot;auto&quot;,&quot;class&quot;:&quot;&quot;,&quot;count&quot;:&quot;4&quot;,&quot;legendonly&quot;:&quot;&quot;,&quot;readonly&quot;:&quot;&quot;,&quot;score&quot;:&quot;4.2&quot;,&quot;starsonly&quot;:&quot;&quot;,&quot;best&quot;:&quot;5&quot;,&quot;gap&quot;:&quot;4&quot;,&quot;greet&quot;:&quot;Que pensez-vous de cet article ?&quot;,&quot;legend&quot;:&quot;4.2\\\/5 - (4 votes)&quot;,&quot;size&quot;:&quot;19&quot;,&quot;title&quot;:&quot;#1 Comment aller en Corse ? Avion ou ferry ?&quot;,&quot;width&quot;:&quot;94.6&quot;,&quot;_legend&quot;:&quot;{score}\\\/{best} - ({count} {votes})&quot;,&quot;font_factor&quot;:&quot;1.25&quot;}'>\n            \n<div class=\"kksr-stars\">\n    \n<div class=\"kksr-stars-inactive\">\n            <div class=\"kksr-star\" data-star=\"1\" style=\"padding-right: 4px\">\n            \n\n<div class=\"kksr-icon\" style=\"width: 19px; height: 19px;\"><\/div>\n        <\/div>\n            <div class=\"kksr-star\" data-star=\"2\" style=\"padding-right: 4px\">\n            \n\n<div class=\"kksr-icon\" style=\"width: 19px; height: 19px;\"><\/div>\n        <\/div>\n            <div class=\"kksr-star\" data-star=\"3\" style=\"padding-right: 4px\">\n            \n\n<div class=\"kksr-icon\" style=\"width: 19px; height: 19px;\"><\/div>\n        <\/div>\n            <div class=\"kksr-star\" data-star=\"4\" style=\"padding-right: 4px\">\n            \n\n<div class=\"kksr-icon\" style=\"width: 19px; height: 19px;\"><\/div>\n        <\/div>\n            <div class=\"kksr-star\" data-star=\"5\" style=\"padding-right: 4px\">\n            \n\n<div class=\"kksr-icon\" style=\"width: 19px; height: 19px;\"><\/div>\n        <\/div>\n    <\/div>\n    \n<div class=\"kksr-stars-active\" style=\"width: 94.6px;\">\n            <div class=\"kksr-star\" style=\"padding-right: 4px\">\n            \n\n<div class=\"kksr-icon\" style=\"width: 19px; height: 19px;\"><\/div>\n        <\/div>\n            <div class=\"kksr-star\" style=\"padding-right: 4px\">\n            \n\n<div class=\"kksr-icon\" style=\"width: 19px; height: 19px;\"><\/div>\n        <\/div>\n            <div class=\"kksr-star\" style=\"padding-right: 4px\">\n            \n\n<div class=\"kksr-icon\" style=\"width: 19px; height: 19px;\"><\/div>\n        <\/div>\n            <div class=\"kksr-star\" style=\"padding-right: 4px\">\n            \n\n<div class=\"kksr-icon\" style=\"width: 19px; height: 19px;\"><\/div>\n        <\/div>\n            <div class=\"kksr-star\" style=\"padding-right: 4px\">\n            \n\n<div class=\"kksr-icon\" style=\"width: 19px; height: 19px;\"><\/div>\n        <\/div>\n    <\/div>\n<\/div>\n                \n\n<div class=\"kksr-legend\" style=\"font-size: 15.2px;\">\n            4.2\/5 - (4 votes)    <\/div>\n    <\/div>","protected":false},"excerpt":{"rendered":"<p>Nous sommes partis en Corse durant l&rsquo;\u00e9t\u00e9 2020 o\u00f9 nous avons vraiment appr\u00e9ci\u00e9 cette \u00eele paradisiaque qui offre des paysages vari\u00e9s !&hellip;<\/p>","protected":false},"author":2,"featured_media":0,"parent":1921,"menu_order":0,"comment_status":"closed","ping_status":"closed","template":"page-penci-full-width.php","meta":{"_lmt_disableupdate":"","_lmt_disable":"","footnotes":""},"class_list":["post-2174","page","type-page","status-publish","hentry"],"_links":{"self":[{"href":"https:\/\/leptitcurieux.fr\/en\/wp-json\/wp\/v2\/pages\/2174","targetHints":{"allow":["GET"]}}],"collection":[{"href":"https:\/\/leptitcurieux.fr\/en\/wp-json\/wp\/v2\/pages"}],"about":[{"href":"https:\/\/leptitcurieux.fr\/en\/wp-json\/wp\/v2\/types\/page"}],"author":[{"embeddable":true,"href":"https:\/\/leptitcurieux.fr\/en\/wp-json\/wp\/v2\/users\/2"}],"replies":[{"embeddable":true,"href":"https:\/\/leptitcurieux.fr\/en\/wp-json\/wp\/v2\/comments?post=2174"}],"version-history":[{"count":0,"href":"https:\/\/leptitcurieux.fr\/en\/wp-json\/wp\/v2\/pages\/2174\/revisions"}],"up":[{"embeddable":true,"href":"https:\/\/leptitcurieux.fr\/en\/wp-json\/wp\/v2\/pages\/1921"}],"wp:attachment":[{"href":"https:\/\/leptitcurieux.fr\/en\/wp-json\/wp\/v2\/media?parent=2174"}],"curies":[{"name":"wp","href":"https:\/\/api.w.org\/{rel}","templated":true}]}}