{"id":1891,"date":"2021-03-31T10:16:42","date_gmt":"2021-03-31T08:16:42","guid":{"rendered":"https:\/\/leptitcurieux.fr\/?page_id=1891"},"modified":"2022-03-15T09:49:48","modified_gmt":"2022-03-15T08:49:48","slug":"destinations","status":"publish","type":"page","link":"https:\/\/leptitcurieux.fr\/en\/destinations\/","title":{"rendered":"Destinations"},"content":{"rendered":"<div data-elementor-type=\"wp-page\" data-elementor-id=\"1891\" class=\"elementor elementor-1891\" data-elementor-post-type=\"page\">\n\t\t\t\t\t\t<section class=\"penci-section penci-disSticky penci-structure-10 elementor-section elementor-top-section elementor-element elementor-element-f32128f elementor-section-boxed elementor-section-height-default elementor-section-height-default\" data-id=\"f32128f\" data-element_type=\"section\" data-e-type=\"section\">\n\t\t\t\t\t\t<div class=\"elementor-container elementor-column-gap-default\">\n\t\t\t\t\t<div class=\"penci-ercol-100 penci-ercol-order-1 penci-sticky-ct    elementor-column elementor-col-100 elementor-top-column elementor-element elementor-element-2c3d990\" data-id=\"2c3d990\" data-element_type=\"column\" data-e-type=\"column\">\n\t\t\t<div class=\"elementor-widget-wrap elementor-element-populated\">\n\t\t\t\t\t\t<div class=\"elementor-element elementor-element-5c7aa67 elementor-widget-divider--view-line elementor-widget-divider--separator-type-pattern elementor-widget elementor-widget-divider\" data-id=\"5c7aa67\" data-element_type=\"widget\" data-e-type=\"widget\" data-widget_type=\"divider.default\">\n\t\t\t\t<div class=\"elementor-widget-container\">\n\t\t\t\t\t\t\t<div class=\"elementor-divider\" style=\"--divider-pattern-url: url(&quot;data:image\/svg+xml,%3Csvg xmlns=&#039;http:\/\/www.w3.org\/2000\/svg&#039; preserveAspectRatio=&#039;none&#039; overflow=&#039;visible&#039; height=&#039;100%&#039; viewBox=&#039;0 0 20 16&#039; fill=&#039;none&#039; stroke=&#039;black&#039; stroke-width=&#039;1&#039; stroke-linecap=&#039;square&#039; stroke-miterlimit=&#039;10&#039;%3E%3Cg transform=&#039;translate(-12.000000, 0)&#039;%3E%3Cpath d=&#039;M28,0L10,18&#039;\/%3E%3Cpath d=&#039;M18,0L0,18&#039;\/%3E%3Cpath d=&#039;M48,0L30,18&#039;\/%3E%3Cpath d=&#039;M38,0L20,18&#039;\/%3E%3C\/g%3E%3C\/svg%3E&quot;);\">\n\t\t\t<span class=\"elementor-divider-separator\">\n\t\t\t\t\t\t<\/span>\n\t\t<\/div>\n\t\t\t\t\t\t<\/div>\n\t\t\t\t<\/div>\n\t\t\t\t\t<\/div>\n\t\t<\/div>\n\t\t\t\t\t<\/div>\n\t\t<\/section>\n\t\t\t\t<section class=\"penci-section penci-disSticky penci-structure-10 elementor-section elementor-top-section elementor-element elementor-element-c60695a elementor-section-boxed elementor-section-height-default elementor-section-height-default\" data-id=\"c60695a\" data-element_type=\"section\" data-e-type=\"section\">\n\t\t\t\t\t\t<div class=\"elementor-container elementor-column-gap-default\">\n\t\t\t\t\t<div class=\"penci-ercol-100 penci-ercol-order-1 penci-sticky-ct    elementor-column elementor-col-100 elementor-top-column elementor-element elementor-element-ad21e64\" data-id=\"ad21e64\" data-element_type=\"column\" data-e-type=\"column\">\n\t\t\t<div class=\"elementor-widget-wrap elementor-element-populated\">\n\t\t\t\t\t\t<div class=\"elementor-element elementor-element-a54fdd9 elementor-posts--align-center elementor-grid-3 elementor-grid-tablet-2 elementor-grid-mobile-1 elementor-posts--thumbnail-top elementor-invisible elementor-widget elementor-widget-posts\" data-id=\"a54fdd9\" data-element_type=\"widget\" data-e-type=\"widget\" data-settings=\"{&quot;classic_masonry&quot;:&quot;yes&quot;,&quot;classic_row_gap&quot;:{&quot;unit&quot;:&quot;px&quot;,&quot;size&quot;:25,&quot;sizes&quot;:[]},&quot;pagination_type&quot;:&quot;numbers&quot;,&quot;_animation&quot;:&quot;slideInUp&quot;,&quot;classic_columns&quot;:&quot;3&quot;,&quot;classic_columns_tablet&quot;:&quot;2&quot;,&quot;classic_columns_mobile&quot;:&quot;1&quot;,&quot;classic_row_gap_tablet&quot;:{&quot;unit&quot;:&quot;px&quot;,&quot;size&quot;:&quot;&quot;,&quot;sizes&quot;:[]},&quot;classic_row_gap_mobile&quot;:{&quot;unit&quot;:&quot;px&quot;,&quot;size&quot;:&quot;&quot;,&quot;sizes&quot;:[]}}\" data-widget_type=\"posts.classic\">\n\t\t\t\t<div class=\"elementor-widget-container\">\n\t\t\t\t\t\t\t<div class=\"elementor-posts-container elementor-posts elementor-posts--skin-classic elementor-grid\" role=\"list\">\n\t\t\t\t<article class=\"elementor-post elementor-grid-item post-8418 post type-post status-publish format-standard has-post-thumbnail hentry category-conseils-utiles category-europe category-france tag-parc-dattractions tag-roadtrip tag-week-end-en-couple\" role=\"listitem\">\n\t\t\t\t<a class=\"elementor-post__thumbnail__link\" href=\"https:\/\/leptitcurieux.fr\/en\/le-parc-dattractions-europa-park-vaut-il-vraiment-le-coup\/\" tabindex=\"-1\" >\n\t\t\t<div class=\"elementor-post__thumbnail\"><img decoding=\"async\" width=\"750\" height=\"500\" src=\"https:\/\/leptitcurieux.fr\/wp-content\/uploads\/2026\/04\/accueil.jpg\" class=\"attachment-large size-large wp-image-8420\" alt=\"\" title=\"\" srcset=\"https:\/\/leptitcurieux.fr\/wp-content\/uploads\/2026\/04\/accueil.jpg 750w, https:\/\/leptitcurieux.fr\/wp-content\/uploads\/2026\/04\/accueil-300x200.jpg 300w, https:\/\/leptitcurieux.fr\/wp-content\/uploads\/2026\/04\/accueil-585x390.jpg 585w, https:\/\/leptitcurieux.fr\/wp-content\/uploads\/2026\/04\/accueil-263x175.jpg 263w\" sizes=\"(max-width: 750px) 100vw, 750px\" \/><\/div>\n\t\t<\/a>\n\t\t\t\t<div class=\"elementor-post__text\">\n\t\t\t\t<h3 class=\"elementor-post__title\">\n\t\t\t<a href=\"https:\/\/leptitcurieux.fr\/en\/le-parc-dattractions-europa-park-vaut-il-vraiment-le-coup\/\" >\n\t\t\t\tLe parc d\u2019attractions Europa-Park : vaut-il vraiment le coup ?\t\t\t<\/a>\n\t\t<\/h3>\n\t\t\t\t<div class=\"elementor-post__meta-data\">\n\t\t\t\t\t<span class=\"elementor-post-date\">\n\t\t\t21 April 2026\t\t<\/span>\n\t\t\t\t<\/div>\n\t\t\t\t<div class=\"elementor-post__excerpt\">\n\t\t\t<p>Europa-Park vaut-il vraiment le coup ? Avis complet, attractions, sensations fortes et conseils pour savoir si le parc m\u00e9rite le d\u00e9tour.<\/p>\n\t\t<\/div>\n\t\t\n\t\t<a class=\"elementor-post__read-more\" href=\"https:\/\/leptitcurieux.fr\/en\/le-parc-dattractions-europa-park-vaut-il-vraiment-le-coup\/\" aria-label=\"Read more about Le parc d\u2019attractions Europa-Park : vaut-il vraiment le coup ?\" tabindex=\"-1\" >\n\t\t\tLIRE LA SUITE \u00bb\t\t<\/a>\n\n\t\t\t\t<\/div>\n\t\t\t\t<\/article>\n\t\t\t\t<article class=\"elementor-post elementor-grid-item post-8401 post type-post status-publish format-standard has-post-thumbnail hentry category-conseils-utiles category-europe category-france tag-parc-dattractions tag-roadtrip tag-week-end-en-couple\" role=\"listitem\">\n\t\t\t\t<a class=\"elementor-post__thumbnail__link\" href=\"https:\/\/leptitcurieux.fr\/en\/visiter-europa-park-combien-de-jours-pour-tout-decouvrir\/\" tabindex=\"-1\" >\n\t\t\t<div class=\"elementor-post__thumbnail\"><img decoding=\"async\" width=\"750\" height=\"500\" src=\"https:\/\/leptitcurieux.fr\/wp-content\/uploads\/2026\/03\/accueil.jpg\" class=\"attachment-large size-large wp-image-8402\" alt=\"\" title=\"\" srcset=\"https:\/\/leptitcurieux.fr\/wp-content\/uploads\/2026\/03\/accueil.jpg 750w, https:\/\/leptitcurieux.fr\/wp-content\/uploads\/2026\/03\/accueil-300x200.jpg 300w, https:\/\/leptitcurieux.fr\/wp-content\/uploads\/2026\/03\/accueil-585x390.jpg 585w, https:\/\/leptitcurieux.fr\/wp-content\/uploads\/2026\/03\/accueil-263x175.jpg 263w\" sizes=\"(max-width: 750px) 100vw, 750px\" \/><\/div>\n\t\t<\/a>\n\t\t\t\t<div class=\"elementor-post__text\">\n\t\t\t\t<h3 class=\"elementor-post__title\">\n\t\t\t<a href=\"https:\/\/leptitcurieux.fr\/en\/visiter-europa-park-combien-de-jours-pour-tout-decouvrir\/\" >\n\t\t\t\tVisiter Europa-Park : Combien de jours pour tout d\u00e9couvrir ?\t\t\t<\/a>\n\t\t<\/h3>\n\t\t\t\t<div class=\"elementor-post__meta-data\">\n\t\t\t\t\t<span class=\"elementor-post-date\">\n\t\t\t1 April 2026\t\t<\/span>\n\t\t\t\t<\/div>\n\t\t\t\t<div class=\"elementor-post__excerpt\">\n\t\t\t<p>D\u00e9couvrez combien de jours sont n\u00e9cessaires pour explorer enti\u00e8rement Europa-Park en Allemagne et profiter de chaque moment unique<\/p>\n\t\t<\/div>\n\t\t\n\t\t<a class=\"elementor-post__read-more\" href=\"https:\/\/leptitcurieux.fr\/en\/visiter-europa-park-combien-de-jours-pour-tout-decouvrir\/\" aria-label=\"Read more about Visiter Europa-Park : Combien de jours pour tout d\u00e9couvrir ?\" tabindex=\"-1\" >\n\t\t\tLIRE LA SUITE \u00bb\t\t<\/a>\n\n\t\t\t\t<\/div>\n\t\t\t\t<\/article>\n\t\t\t\t<article class=\"elementor-post elementor-grid-item post-8343 post type-post status-publish format-standard has-post-thumbnail hentry category-conseils-utiles category-europe category-france tag-famille tag-roadtrip tag-sejour-au-ski tag-ski tag-voyager-en-france\" role=\"listitem\">\n\t\t\t\t<a class=\"elementor-post__thumbnail__link\" href=\"https:\/\/leptitcurieux.fr\/en\/que-faire-a-val-thorens-en-hiver-activites-et-experiences-inedites\/\" tabindex=\"-1\" >\n\t\t\t<div class=\"elementor-post__thumbnail\"><img decoding=\"async\" width=\"750\" height=\"500\" src=\"https:\/\/leptitcurieux.fr\/wp-content\/uploads\/2026\/02\/accueil.jpg\" class=\"attachment-large size-large wp-image-8345\" alt=\"Que faire \u00e0 Val Thorens en hiver ? Activit\u00e9s et exp\u00e9riences in\u00e9dites\" title=\"\" srcset=\"https:\/\/leptitcurieux.fr\/wp-content\/uploads\/2026\/02\/accueil.jpg 750w, https:\/\/leptitcurieux.fr\/wp-content\/uploads\/2026\/02\/accueil-300x200.jpg 300w, https:\/\/leptitcurieux.fr\/wp-content\/uploads\/2026\/02\/accueil-585x390.jpg 585w, https:\/\/leptitcurieux.fr\/wp-content\/uploads\/2026\/02\/accueil-263x175.jpg 263w\" sizes=\"(max-width: 750px) 100vw, 750px\" \/><\/div>\n\t\t<\/a>\n\t\t\t\t<div class=\"elementor-post__text\">\n\t\t\t\t<h3 class=\"elementor-post__title\">\n\t\t\t<a href=\"https:\/\/leptitcurieux.fr\/en\/que-faire-a-val-thorens-en-hiver-activites-et-experiences-inedites\/\" >\n\t\t\t\tQue faire \u00e0 Val Thorens en hiver ? Activit\u00e9s et exp\u00e9riences in\u00e9dites\t\t\t<\/a>\n\t\t<\/h3>\n\t\t\t\t<div class=\"elementor-post__meta-data\">\n\t\t\t\t\t<span class=\"elementor-post-date\">\n\t\t\t18 February 2026\t\t<\/span>\n\t\t\t\t<\/div>\n\t\t\t\t<div class=\"elementor-post__excerpt\">\n\t\t\t<p>D\u00e9couvrez Val Thorens autrement cet hiver : sentiers pi\u00e9tons, Tyrolienne, ski, luge ! Explorez Val Thorens sous un nouvel angle et pr\u00e9parez votre week-end ou semaine.<\/p>\n\t\t<\/div>\n\t\t\n\t\t<a class=\"elementor-post__read-more\" href=\"https:\/\/leptitcurieux.fr\/en\/que-faire-a-val-thorens-en-hiver-activites-et-experiences-inedites\/\" aria-label=\"Read more about Que faire \u00e0 Val Thorens en hiver ? Activit\u00e9s et exp\u00e9riences in\u00e9dites\" tabindex=\"-1\" >\n\t\t\tLIRE LA SUITE \u00bb\t\t<\/a>\n\n\t\t\t\t<\/div>\n\t\t\t\t<\/article>\n\t\t\t\t<article class=\"elementor-post elementor-grid-item post-8311 post type-post status-publish format-standard has-post-thumbnail hentry category-allemagne category-conseils-utiles category-europe tag-allemagne tag-parc-dattractions tag-roadtrip tag-week-end-en-couple\" role=\"listitem\">\n\t\t\t\t<a class=\"elementor-post__thumbnail__link\" href=\"https:\/\/leptitcurieux.fr\/en\/les-choses-a-savoir-avant-de-visiter-europa-park-conseils-et-astuces\/\" tabindex=\"-1\" >\n\t\t\t<div class=\"elementor-post__thumbnail\"><img decoding=\"async\" width=\"750\" height=\"500\" src=\"https:\/\/leptitcurieux.fr\/wp-content\/uploads\/2026\/01\/accueil-min.jpg\" class=\"attachment-large size-large wp-image-8312\" alt=\"Les choses \u00e0 savoir avant de visiter Europa-Park : Conseils et Astuces\" title=\"\" srcset=\"https:\/\/leptitcurieux.fr\/wp-content\/uploads\/2026\/01\/accueil-min.jpg 750w, https:\/\/leptitcurieux.fr\/wp-content\/uploads\/2026\/01\/accueil-min-300x200.jpg 300w, https:\/\/leptitcurieux.fr\/wp-content\/uploads\/2026\/01\/accueil-min-585x390.jpg 585w, https:\/\/leptitcurieux.fr\/wp-content\/uploads\/2026\/01\/accueil-min-263x175.jpg 263w\" sizes=\"(max-width: 750px) 100vw, 750px\" \/><\/div>\n\t\t<\/a>\n\t\t\t\t<div class=\"elementor-post__text\">\n\t\t\t\t<h3 class=\"elementor-post__title\">\n\t\t\t<a href=\"https:\/\/leptitcurieux.fr\/en\/les-choses-a-savoir-avant-de-visiter-europa-park-conseils-et-astuces\/\" >\n\t\t\t\tLes choses \u00e0 savoir avant de visiter Europa-Park : Conseils et Astuces\t\t\t<\/a>\n\t\t<\/h3>\n\t\t\t\t<div class=\"elementor-post__meta-data\">\n\t\t\t\t\t<span class=\"elementor-post-date\">\n\t\t\t13 January 2026\t\t<\/span>\n\t\t\t\t<\/div>\n\t\t\t\t<div class=\"elementor-post__excerpt\">\n\t\t\t<p>D\u00e9marrez votre aventure \u00e0 Europa-Park en toute s\u00e9r\u00e9nit\u00e9 avec nos conseils pratiques : billets pas chers, meilleures attractions et astuces incontournables pour une journ\u00e9e magique !<\/p>\n\t\t<\/div>\n\t\t\n\t\t<a class=\"elementor-post__read-more\" href=\"https:\/\/leptitcurieux.fr\/en\/les-choses-a-savoir-avant-de-visiter-europa-park-conseils-et-astuces\/\" aria-label=\"Read more about Les choses \u00e0 savoir avant de visiter Europa-Park : Conseils et Astuces\" tabindex=\"-1\" >\n\t\t\tLIRE LA SUITE \u00bb\t\t<\/a>\n\n\t\t\t\t<\/div>\n\t\t\t\t<\/article>\n\t\t\t\t<article class=\"elementor-post elementor-grid-item post-8284 post type-post status-publish format-standard has-post-thumbnail hentry category-destinations category-europe category-france tag-famille tag-roadtrip tag-sud-de-la-france tag-vaucluse tag-voyager-en-france tag-week-end-en-couple\" role=\"listitem\">\n\t\t\t\t<a class=\"elementor-post__thumbnail__link\" href=\"https:\/\/leptitcurieux.fr\/en\/visiter-les-gorges-du-toulourenc-acces-randonnee-et-parcours\/\" tabindex=\"-1\" >\n\t\t\t<div class=\"elementor-post__thumbnail\"><img decoding=\"async\" width=\"750\" height=\"500\" src=\"https:\/\/leptitcurieux.fr\/wp-content\/uploads\/2025\/10\/IMG_5435-min.jpg\" class=\"attachment-large size-large wp-image-8285\" alt=\"Visiter les Gorges du Toulourenc \u2013 Acc\u00e8s, Randonn\u00e9e et Parcours\" title=\"\" srcset=\"https:\/\/leptitcurieux.fr\/wp-content\/uploads\/2025\/10\/IMG_5435-min.jpg 750w, https:\/\/leptitcurieux.fr\/wp-content\/uploads\/2025\/10\/IMG_5435-min-300x200.jpg 300w, https:\/\/leptitcurieux.fr\/wp-content\/uploads\/2025\/10\/IMG_5435-min-585x390.jpg 585w, https:\/\/leptitcurieux.fr\/wp-content\/uploads\/2025\/10\/IMG_5435-min-263x175.jpg 263w\" sizes=\"(max-width: 750px) 100vw, 750px\" \/><\/div>\n\t\t<\/a>\n\t\t\t\t<div class=\"elementor-post__text\">\n\t\t\t\t<h3 class=\"elementor-post__title\">\n\t\t\t<a href=\"https:\/\/leptitcurieux.fr\/en\/visiter-les-gorges-du-toulourenc-acces-randonnee-et-parcours\/\" >\n\t\t\t\tVisiter les Gorges du Toulourenc &#8211; Acc\u00e8s, Randonn\u00e9e et Parcours\t\t\t<\/a>\n\t\t<\/h3>\n\t\t\t\t<div class=\"elementor-post__meta-data\">\n\t\t\t\t\t<span class=\"elementor-post-date\">\n\t\t\t10 December 2025\t\t<\/span>\n\t\t\t\t<\/div>\n\t\t\t\t<div class=\"elementor-post__excerpt\">\n\t\t\t<p>D\u00e9couvrir les Gorges du Toulourenc pr\u00e8s du Mont-Ventoux : parcours, acc\u00e8s et conseils pour une randonn\u00e9e inoubliable<\/p>\n\t\t<\/div>\n\t\t\n\t\t<a class=\"elementor-post__read-more\" href=\"https:\/\/leptitcurieux.fr\/en\/visiter-les-gorges-du-toulourenc-acces-randonnee-et-parcours\/\" aria-label=\"Read more about Visiter les Gorges du Toulourenc &#8211; Acc\u00e8s, Randonn\u00e9e et Parcours\" tabindex=\"-1\" >\n\t\t\tLIRE LA SUITE \u00bb\t\t<\/a>\n\n\t\t\t\t<\/div>\n\t\t\t\t<\/article>\n\t\t\t\t<article class=\"elementor-post elementor-grid-item post-8272 post type-post status-publish format-standard has-post-thumbnail hentry category-conseils-utiles category-europe category-france tag-parc-dattractions tag-roadtrip tag-voyager-en-france tag-week-end-en-couple\" role=\"listitem\">\n\t\t\t\t<a class=\"elementor-post__thumbnail__link\" href=\"https:\/\/leptitcurieux.fr\/en\/visiter-le-parc-asterix-combien-de-jours-pour-tout-decouvrir\/\" tabindex=\"-1\" >\n\t\t\t<div class=\"elementor-post__thumbnail\"><img decoding=\"async\" width=\"750\" height=\"500\" src=\"https:\/\/leptitcurieux.fr\/wp-content\/uploads\/2025\/10\/accueil.jpg\" class=\"attachment-large size-large wp-image-8273\" alt=\"D\u00e9couvrir le Parc Ast\u00e9rix - Peur sur le parc\" title=\"\" srcset=\"https:\/\/leptitcurieux.fr\/wp-content\/uploads\/2025\/10\/accueil.jpg 750w, https:\/\/leptitcurieux.fr\/wp-content\/uploads\/2025\/10\/accueil-300x200.jpg 300w, https:\/\/leptitcurieux.fr\/wp-content\/uploads\/2025\/10\/accueil-585x390.jpg 585w, https:\/\/leptitcurieux.fr\/wp-content\/uploads\/2025\/10\/accueil-263x175.jpg 263w\" sizes=\"(max-width: 750px) 100vw, 750px\" \/><\/div>\n\t\t<\/a>\n\t\t\t\t<div class=\"elementor-post__text\">\n\t\t\t\t<h3 class=\"elementor-post__title\">\n\t\t\t<a href=\"https:\/\/leptitcurieux.fr\/en\/visiter-le-parc-asterix-combien-de-jours-pour-tout-decouvrir\/\" >\n\t\t\t\tVisiter le Parc Ast\u00e9rix : Combien de jours pour tout d\u00e9couvrir ?\t\t\t<\/a>\n\t\t<\/h3>\n\t\t\t\t<div class=\"elementor-post__meta-data\">\n\t\t\t\t\t<span class=\"elementor-post-date\">\n\t\t\t5 November 2025\t\t<\/span>\n\t\t\t\t<\/div>\n\t\t\t\t<div class=\"elementor-post__excerpt\">\n\t\t\t<p>D\u00e9couvrez combien de jours sont n\u00e9cessaires pour explorer enti\u00e8rement le Parc Ast\u00e9rix et profiter de chaque moment magique.<\/p>\n\t\t<\/div>\n\t\t\n\t\t<a class=\"elementor-post__read-more\" href=\"https:\/\/leptitcurieux.fr\/en\/visiter-le-parc-asterix-combien-de-jours-pour-tout-decouvrir\/\" aria-label=\"Read more about Visiter le Parc Ast\u00e9rix : Combien de jours pour tout d\u00e9couvrir ?\" tabindex=\"-1\" >\n\t\t\tLIRE LA SUITE \u00bb\t\t<\/a>\n\n\t\t\t\t<\/div>\n\t\t\t\t<\/article>\n\t\t\t\t<\/div>\n\t\t\n\t\t\t\t<div class=\"e-load-more-anchor\" data-page=\"1\" data-max-page=\"15\" data-next-page=\"https:\/\/leptitcurieux.fr\/en\/wp-json\/wp\/v2\/pages\/1891\/page\/2\/\"><\/div>\n\t\t\t\t<nav class=\"elementor-pagination\" aria-label=\"Pagination\">\n\t\t\t<span aria-current=\"page\" class=\"page-numbers current\"><span class=\"elementor-screen-only\">Page<\/span>1<\/span>\n<a class=\"page-numbers\" href=\"https:\/\/leptitcurieux.fr\/en\/wp-json\/wp\/v2\/pages\/1891\/page\/2\/\"><span class=\"elementor-screen-only\">Page<\/span>2<\/a>\n<a class=\"page-numbers\" href=\"https:\/\/leptitcurieux.fr\/en\/wp-json\/wp\/v2\/pages\/1891\/page\/3\/\"><span class=\"elementor-screen-only\">Page<\/span>3<\/a>\n<span class=\"page-numbers dots\">&hellip;<\/span>\n<a class=\"page-numbers\" href=\"https:\/\/leptitcurieux.fr\/en\/wp-json\/wp\/v2\/pages\/1891\/page\/15\/\"><span class=\"elementor-screen-only\">Page<\/span>15<\/a>\t\t<\/nav>\n\t\t\t\t\t\t<\/div>\n\t\t\t\t<\/div>\n\t\t\t\t\t<\/div>\n\t\t<\/div>\n\t\t\t\t\t<\/div>\n\t\t<\/section>\n\t\t\t\t<section class=\"penci-section penci-disSticky penci-structure-10 elementor-section elementor-top-section elementor-element elementor-element-1c96b40 elementor-section-boxed elementor-section-height-default elementor-section-height-default\" data-id=\"1c96b40\" data-element_type=\"section\" data-e-type=\"section\">\n\t\t\t\t\t\t<div class=\"elementor-container elementor-column-gap-default\">\n\t\t\t\t\t<div class=\"penci-ercol-100 penci-ercol-order-1 penci-sticky-ct    elementor-column elementor-col-100 elementor-top-column elementor-element elementor-element-de96293\" data-id=\"de96293\" data-element_type=\"column\" data-e-type=\"column\">\n\t\t\t<div class=\"elementor-widget-wrap elementor-element-populated\">\n\t\t\t\t\t\t<div class=\"elementor-element elementor-element-4a9aa90 elementor-widget-divider--view-line elementor-widget-divider--separator-type-pattern elementor-widget elementor-widget-divider\" data-id=\"4a9aa90\" data-element_type=\"widget\" data-e-type=\"widget\" data-widget_type=\"divider.default\">\n\t\t\t\t<div class=\"elementor-widget-container\">\n\t\t\t\t\t\t\t<div class=\"elementor-divider\" style=\"--divider-pattern-url: url(&quot;data:image\/svg+xml,%3Csvg xmlns=&#039;http:\/\/www.w3.org\/2000\/svg&#039; preserveAspectRatio=&#039;none&#039; overflow=&#039;visible&#039; height=&#039;100%&#039; viewBox=&#039;0 0 20 16&#039; fill=&#039;none&#039; stroke=&#039;black&#039; stroke-width=&#039;1&#039; stroke-linecap=&#039;square&#039; stroke-miterlimit=&#039;10&#039;%3E%3Cg transform=&#039;translate(-12.000000, 0)&#039;%3E%3Cpath d=&#039;M28,0L10,18&#039;\/%3E%3Cpath d=&#039;M18,0L0,18&#039;\/%3E%3Cpath d=&#039;M48,0L30,18&#039;\/%3E%3Cpath d=&#039;M38,0L20,18&#039;\/%3E%3C\/g%3E%3C\/svg%3E&quot;);\">\n\t\t\t<span class=\"elementor-divider-separator\">\n\t\t\t\t\t\t<\/span>\n\t\t<\/div>\n\t\t\t\t\t\t<\/div>\n\t\t\t\t<\/div>\n\t\t\t\t\t<\/div>\n\t\t<\/div>\n\t\t\t\t\t<\/div>\n\t\t<\/section>\n\t\t\t\t<\/div>\n\t\t\n\n<div class=\"kk-star-ratings kksr-auto kksr-align-center kksr-valign-bottom\"\n    data-payload='{&quot;align&quot;:&quot;center&quot;,&quot;id&quot;:&quot;8272&quot;,&quot;slug&quot;:&quot;default&quot;,&quot;valign&quot;:&quot;bottom&quot;,&quot;ignore&quot;:&quot;&quot;,&quot;reference&quot;:&quot;auto&quot;,&quot;class&quot;:&quot;&quot;,&quot;count&quot;:&quot;1&quot;,&quot;legendonly&quot;:&quot;&quot;,&quot;readonly&quot;:&quot;&quot;,&quot;score&quot;:&quot;5&quot;,&quot;starsonly&quot;:&quot;&quot;,&quot;best&quot;:&quot;5&quot;,&quot;gap&quot;:&quot;4&quot;,&quot;greet&quot;:&quot;Que pensez-vous de cet article ?&quot;,&quot;legend&quot;:&quot;5\\\/5 - (1 vote)&quot;,&quot;size&quot;:&quot;19&quot;,&quot;title&quot;:&quot;Visiter le Parc Ast\u00e9rix : Combien de jours pour tout d\u00e9couvrir ?&quot;,&quot;width&quot;:&quot;113&quot;,&quot;_legend&quot;:&quot;{score}\\\/{best} - ({count} {votes})&quot;,&quot;font_factor&quot;:&quot;1.25&quot;}'>\n            \n<div class=\"kksr-stars\">\n    \n<div class=\"kksr-stars-inactive\">\n            <div class=\"kksr-star\" data-star=\"1\" style=\"padding-right: 4px\">\n            \n\n<div class=\"kksr-icon\" style=\"width: 19px; height: 19px;\"><\/div>\n        <\/div>\n            <div class=\"kksr-star\" data-star=\"2\" style=\"padding-right: 4px\">\n            \n\n<div class=\"kksr-icon\" style=\"width: 19px; height: 19px;\"><\/div>\n        <\/div>\n            <div class=\"kksr-star\" data-star=\"3\" style=\"padding-right: 4px\">\n            \n\n<div class=\"kksr-icon\" style=\"width: 19px; height: 19px;\"><\/div>\n        <\/div>\n            <div class=\"kksr-star\" data-star=\"4\" style=\"padding-right: 4px\">\n            \n\n<div class=\"kksr-icon\" style=\"width: 19px; height: 19px;\"><\/div>\n        <\/div>\n            <div class=\"kksr-star\" data-star=\"5\" style=\"padding-right: 4px\">\n            \n\n<div class=\"kksr-icon\" style=\"width: 19px; height: 19px;\"><\/div>\n        <\/div>\n    <\/div>\n    \n<div class=\"kksr-stars-active\" style=\"width: 113px;\">\n            <div class=\"kksr-star\" style=\"padding-right: 4px\">\n            \n\n<div class=\"kksr-icon\" style=\"width: 19px; height: 19px;\"><\/div>\n        <\/div>\n            <div class=\"kksr-star\" style=\"padding-right: 4px\">\n            \n\n<div class=\"kksr-icon\" style=\"width: 19px; height: 19px;\"><\/div>\n        <\/div>\n            <div class=\"kksr-star\" style=\"padding-right: 4px\">\n            \n\n<div class=\"kksr-icon\" style=\"width: 19px; height: 19px;\"><\/div>\n        <\/div>\n            <div class=\"kksr-star\" style=\"padding-right: 4px\">\n            \n\n<div class=\"kksr-icon\" style=\"width: 19px; height: 19px;\"><\/div>\n        <\/div>\n            <div class=\"kksr-star\" style=\"padding-right: 4px\">\n            \n\n<div class=\"kksr-icon\" style=\"width: 19px; height: 19px;\"><\/div>\n        <\/div>\n    <\/div>\n<\/div>\n                \n\n<div class=\"kksr-legend\" style=\"font-size: 15.2px;\">\n            5\/5 - (1 vote)    <\/div>\n    <\/div>","protected":false},"excerpt":{"rendered":"","protected":false},"author":2,"featured_media":0,"parent":0,"menu_order":0,"comment_status":"closed","ping_status":"closed","template":"page-penci-full-width.php","meta":{"_lmt_disableupdate":"","_lmt_disable":"","footnotes":""},"class_list":["post-1891","page","type-page","status-publish","hentry"],"_links":{"self":[{"href":"https:\/\/leptitcurieux.fr\/en\/wp-json\/wp\/v2\/pages\/1891","targetHints":{"allow":["GET"]}}],"collection":[{"href":"https:\/\/leptitcurieux.fr\/en\/wp-json\/wp\/v2\/pages"}],"about":[{"href":"https:\/\/leptitcurieux.fr\/en\/wp-json\/wp\/v2\/types\/page"}],"author":[{"embeddable":true,"href":"https:\/\/leptitcurieux.fr\/en\/wp-json\/wp\/v2\/users\/2"}],"replies":[{"embeddable":true,"href":"https:\/\/leptitcurieux.fr\/en\/wp-json\/wp\/v2\/comments?post=1891"}],"version-history":[{"count":0,"href":"https:\/\/leptitcurieux.fr\/en\/wp-json\/wp\/v2\/pages\/1891\/revisions"}],"wp:attachment":[{"href":"https:\/\/leptitcurieux.fr\/en\/wp-json\/wp\/v2\/media?parent=1891"}],"curies":[{"name":"wp","href":"https:\/\/api.w.org\/{rel}","templated":true}]}}